{"id":640,"date":"2025-06-04T16:59:32","date_gmt":"2025-06-04T09:59:32","guid":{"rendered":"https:\/\/vioba.org\/?page_id=640"},"modified":"2025-06-04T17:02:57","modified_gmt":"2025-06-04T10:02:57","slug":"dich-vu","status":"publish","type":"page","link":"https:\/\/vioba.org\/en\/dich-vu\/","title":{"rendered":"Service"},"content":{"rendered":"<div class=\"wp-block-stackable-columns alignfull stk-block-columns stk-block stk-c2a98d6 stk-block-background stk--has-background-overlay\" data-block-id=\"c2a98d6\"><style>.stk-c2a98d6 {background-image:url(https:\/\/vioba.org\/wp-content\/uploads\/2025\/05\/DSC_3535-Enhanced-NR-scaled.webp) !important;background-attachment:fixed !important;background-position:top center !important;min-height:100vh !important;align-items:center !important;margin-bottom:0px !important;display:flex !important;}.stk-c2a98d6:before{background-color:#000000 !important;opacity:0.3 !important;}<\/style><div class=\"stk-row stk-inner-blocks stk-block-content stk-content-align stk-c2a98d6-column alignwide\">\n<div class=\"wp-block-stackable-column stk-block-column stk-column stk-block stk-00a29e3\" data-v=\"4\" data-block-id=\"00a29e3\"><div class=\"stk-column-wrapper stk-block-column__content stk-container stk-00a29e3-container stk--no-background stk--no-padding\"><div class=\"stk-block-content stk-inner-blocks stk-00a29e3-inner-blocks\">\n<div class=\"wp-block-stackable-spacer stk-block-spacer stk--no-padding stk-block stk-6ed7825\" data-block-id=\"6ed7825\"><style>.stk-6ed7825 {height:300px !important;}<\/style><\/div>\n\n\n\n<div class=\"wp-block-stackable-subtitle stk-block-subtitle stk-block stk-8ede0c9\" data-block-id=\"8ede0c9\"><style>.stk-8ede0c9 {margin-bottom:8px !important;}.stk-8ede0c9 .stk-block-subtitle__text{font-size:16px !important;color:#ff6660 !important;font-weight:bold !important;text-transform:uppercase !important;letter-spacing:1px !important;}@media screen and (max-width: 1023px){.stk-8ede0c9 .stk-block-subtitle__text{font-size:16px !important;}}<\/style><p class=\"stk-block-subtitle__text stk-subtitle has-text-color has-text-align-center\">T\u01b0 v\u1ea5n v\u00e0 D\u1ecbch v\u1ee5<\/p><\/div>\n\n\n\n<div class=\"wp-block-stackable-heading stk-block-heading stk-block-heading--v2 stk-block stk-6016556\" id=\"cac-gi\u1ea3i-phap-b\u1ec1n-v\u1eefng\" data-block-id=\"6016556\"><style>.stk-6016556 .stk-block-heading__text{font-size:60px !important;color:#FFFFFF !important;}@media screen and (max-width: 1023px){.stk-6016556 .stk-block-heading__text{font-size:50px !important;}}<\/style><h1 class=\"stk-block-heading__text has-text-color has-text-align-center\">Sustainable solutions<\/h1><\/div>\n<\/div><\/div><\/div>\n<\/div><\/div>\n\n\n\n<div class=\"wp-block-stackable-columns alignwide stk-block-columns stk-block stk-8e18a02\" data-block-id=\"8e18a02\"><style>.stk-8e18a02 .stk--block-align-8e18a02{align-items:stretch !important;}.stk-8e18a02 {margin-top:40px !important;margin-bottom:40px !important;}.stk-8e18a02-column{--stk-columns-spacing:8px !important;}<\/style><div class=\"stk-row stk-inner-blocks stk--block-align-8e18a02 stk-block-content stk-content-align stk-8e18a02-column alignfull\">\n<div class=\"wp-block-stackable-column stk-block-column stk-column stk-block stk-11ff0f0\" data-v=\"4\" data-block-id=\"11ff0f0\"><style>.stk-11ff0f0 {box-shadow:none !important;}<\/style><div class=\"stk-column-wrapper stk-block-column__content stk-container stk-11ff0f0-container stk--no-background stk--no-padding\"><div class=\"stk-block-content stk-inner-blocks stk-11ff0f0-inner-blocks\">\n<div class=\"wp-block-group is-layout-flow wp-block-group-is-layout-flow\" style=\"box-shadow:var(--wp--preset--shadow--natural)\">\n<figure class=\"wp-block-image size-medium is-style-default\" style=\"margin-top:0px;margin-bottom:0px\"><img data-dominant-color=\"9b8c82\" data-has-transparency=\"false\" loading=\"lazy\" decoding=\"async\" width=\"900\" height=\"601\" src=\"https:\/\/vioba.org\/wp-content\/uploads\/2025\/05\/DSC_5628-900x601.webp\" alt=\"\" class=\"wp-image-473 not-transparent\" style=\"--dominant-color: #9b8c82; aspect-ratio:16\/9;object-fit:cover\" srcset=\"https:\/\/vioba.org\/wp-content\/uploads\/2025\/05\/DSC_5628-900x601.webp 900w, https:\/\/vioba.org\/wp-content\/uploads\/2025\/05\/DSC_5628-1980x1322.webp 1980w, https:\/\/vioba.org\/wp-content\/uploads\/2025\/05\/DSC_5628-300x200.webp 300w, https:\/\/vioba.org\/wp-content\/uploads\/2025\/05\/DSC_5628-768x513.webp 768w, https:\/\/vioba.org\/wp-content\/uploads\/2025\/05\/DSC_5628-1536x1025.webp 1536w, https:\/\/vioba.org\/wp-content\/uploads\/2025\/05\/DSC_5628.webp 2048w\" sizes=\"auto, (max-width: 900px) 100vw, 900px\" \/><\/figure>\n\n\n\n<div class=\"wp-block-group is-style-full-height has-custom-sand-beige-background-color has-background has-global-padding is-layout-constrained wp-container-core-group-is-layout-ac7be246 wp-block-group-is-layout-constrained\" style=\"margin-top:0px;margin-bottom:0px;padding-top:var(--wp--preset--spacing--30);padding-right:var(--wp--preset--spacing--30);padding-bottom:var(--wp--preset--spacing--30);padding-left:var(--wp--preset--spacing--30)\">\n<div class=\"wp-block-stackable-heading stk-block-heading stk-block-heading--v2 stk-block stk-57b3c90\" id=\"nghien-c\u1ee9u-va-t\u01b0-v\u1ea5n-trong-linh-v\u1ef1c-gia-hoa-va-h\u1ed7-tr\u1ee3-ng\u01b0\u1eddi-cao-tu\u1ed5i\" data-block-id=\"57b3c90\"><style>.stk-57b3c90 .stk-block-heading__text{font-size:32px !important;color:#1a1a1a !important;}@media screen and (max-width: 1023px){.stk-57b3c90 .stk-block-heading__text{font-size:32px !important;}}<\/style><h2 class=\"stk-block-heading__text has-text-color\">Research and consulting in the field of ageing and eldercare<\/h2><\/div>\n\n\n\n<div class=\"wp-block-stackable-subtitle stk-block-subtitle stk-block stk-6ae298b\" data-block-id=\"6ae298b\"><style>.stk-6ae298b .stk-block-subtitle__text{font-size:16px !important;color:#919191 !important;font-family:\"Inter\", Sans-serif !important;}@media screen and (max-width: 1023px){.stk-6ae298b .stk-block-subtitle__text{font-size:16px !important;}}<\/style><p class=\"stk-block-subtitle__text stk-subtitle has-text-color\">Coming soon<\/p><\/div>\n\n\n\n<div class=\"wp-block-stackable-button-group stk-block-button-group stk-block stk-e66cf66\" data-block-id=\"e66cf66\"><div class=\"stk-row stk-inner-blocks stk-block-content stk-button-group\">\n<div class=\"wp-block-stackable-button stk-block-button stk-block stk-b1374fd\" data-block-id=\"b1374fd\"><style>.stk-b1374fd .stk-button{background:#ff6660 !important;}.stk-b1374fd .stk-button:hover:after{background:#753999 !important;opacity:1 !important;}.stk-b1374fd .stk-button__inner-text{font-size:18px !important;color:var(--stk-global-color-58834, #ffffff) !important;font-family:\"Inter\", Sans-serif !important;}@media screen and (max-width: 1023px){.stk-b1374fd .stk-button__inner-text{font-size:18px !important;}}<\/style><a class=\"stk-link stk-button stk--hover-effect-darken\" href=\"\"><span class=\"has-text-color has-stk-global-color-58834-color stk-button__inner-text\"><strong>Find out more<\/strong><\/span><\/a><\/div>\n<\/div><\/div>\n<\/div>\n<\/div>\n<\/div><\/div><\/div>\n\n\n\n<div class=\"wp-block-stackable-column stk-block-column stk-column stk-block stk-fd99d4f\" data-v=\"4\" data-block-id=\"fd99d4f\"><div class=\"stk-column-wrapper stk-block-column__content stk-container stk-fd99d4f-container stk--no-background stk--no-padding\"><div class=\"stk-block-content stk-inner-blocks stk-fd99d4f-inner-blocks\">\n<div class=\"wp-block-group is-layout-flow wp-block-group-is-layout-flow\" style=\"box-shadow:var(--wp--preset--shadow--natural)\">\n<figure class=\"wp-block-image size-medium is-style-default\" style=\"margin-top:0px;margin-bottom:0px\"><img data-dominant-color=\"7b8184\" data-has-transparency=\"false\" loading=\"lazy\" decoding=\"async\" width=\"900\" height=\"600\" src=\"https:\/\/vioba.org\/wp-content\/uploads\/2025\/05\/Vietnam-06342-900x600.webp\" alt=\"\" class=\"wp-image-472 not-transparent\" style=\"--dominant-color: #7b8184; aspect-ratio:16\/9;object-fit:cover\" srcset=\"https:\/\/vioba.org\/wp-content\/uploads\/2025\/05\/Vietnam-06342-900x600.webp 900w, https:\/\/vioba.org\/wp-content\/uploads\/2025\/05\/Vietnam-06342-1980x1321.webp 1980w, https:\/\/vioba.org\/wp-content\/uploads\/2025\/05\/Vietnam-06342-300x200.webp 300w, https:\/\/vioba.org\/wp-content\/uploads\/2025\/05\/Vietnam-06342-768x512.webp 768w, https:\/\/vioba.org\/wp-content\/uploads\/2025\/05\/Vietnam-06342-1536x1024.webp 1536w, https:\/\/vioba.org\/wp-content\/uploads\/2025\/05\/Vietnam-06342-2048x1366.webp 2048w\" sizes=\"auto, (max-width: 900px) 100vw, 900px\" \/><\/figure>\n\n\n\n<div class=\"wp-block-group is-style-full-height has-custom-sand-beige-background-color has-background has-global-padding is-layout-constrained wp-container-core-group-is-layout-ac7be246 wp-block-group-is-layout-constrained\" style=\"margin-top:0px;margin-bottom:0px;padding-top:var(--wp--preset--spacing--30);padding-right:var(--wp--preset--spacing--30);padding-bottom:var(--wp--preset--spacing--30);padding-left:var(--wp--preset--spacing--30)\">\n<div class=\"wp-block-stackable-heading stk-block-heading stk-block-heading--v2 stk-block stk-f6c5fea\" id=\"d\u1ecbch-v\u1ee5-cung-c\u1ea5p-gi\u1ea3i-phap-h\u1ed7-tr\u1ee3-ng\u01b0\u1eddi-cao-tu\u1ed5i-kh\u1edfi-nghi\u1ec7p\" data-block-id=\"f6c5fea\"><style>.stk-f6c5fea .stk-block-heading__text{font-size:32px !important;color:#1a1a1a !important;}@media screen and (max-width: 1023px){.stk-f6c5fea .stk-block-heading__text{font-size:32px !important;}}<\/style><h2 class=\"stk-block-heading__text has-text-color\">Elderly entrepreneurship support services<\/h2><\/div>\n\n\n\n<div class=\"wp-block-stackable-subtitle stk-block-subtitle stk-block stk-a70d4a2\" data-block-id=\"a70d4a2\"><style>.stk-a70d4a2 .stk-block-subtitle__text{font-size:16px !important;color:#919191 !important;font-family:\"Inter\", Sans-serif !important;}@media screen and (max-width: 1023px){.stk-a70d4a2 .stk-block-subtitle__text{font-size:16px !important;}}<\/style><p class=\"stk-block-subtitle__text stk-subtitle has-text-color\">Coming soon<\/p><\/div>\n\n\n\n<div class=\"wp-block-stackable-button-group stk-block-button-group stk-block stk-0d3c337\" data-block-id=\"0d3c337\"><div class=\"stk-row stk-inner-blocks stk-block-content stk-button-group\">\n<div class=\"wp-block-stackable-button stk-block-button stk-block stk-db8e387\" data-block-id=\"db8e387\"><style>.stk-db8e387 .stk-button{background:#ff6660 !important;}.stk-db8e387 .stk-button:hover:after{background:#753999 !important;opacity:1 !important;}.stk-db8e387 .stk-button__inner-text{font-size:18px !important;color:var(--stk-global-color-58834, #ffffff) !important;font-family:\"Inter\", Sans-serif !important;}@media screen and (max-width: 1023px){.stk-db8e387 .stk-button__inner-text{font-size:18px !important;}}<\/style><a class=\"stk-link stk-button stk--hover-effect-darken\" href=\"\"><span class=\"has-text-color has-stk-global-color-58834-color stk-button__inner-text\"><strong>Find out more<\/strong><\/span><\/a><\/div>\n<\/div><\/div>\n<\/div>\n<\/div>\n<\/div><\/div><\/div>\n<\/div><\/div>","protected":false},"excerpt":{"rendered":"<p>T\u01b0 v\u1ea5n v\u00e0 D\u1ecbch v\u1ee5 C\u00e1c gi\u1ea3i ph\u00e1p b\u1ec1n v\u1eefng Nghi\u00ean c\u1ee9u v\u00e0 t\u01b0 v\u1ea5n trong l\u0129nh v\u1ef1c gi\u00e0 h\u00f3a v\u00e0 h\u1ed7 tr\u1ee3 ng\u01b0\u1eddi cao tu\u1ed5i S\u1eafp ra m\u1eaft T\u00ecm hi\u1ec3u th\u00eam D\u1ecbch v\u1ee5 cung c\u1ea5p gi\u1ea3i ph\u00e1p h\u1ed7 tr\u1ee3 ng\u01b0\u1eddi cao tu\u1ed5i kh\u1edfi nghi\u1ec7p S\u1eafp ra m\u1eaft T\u00ecm hi\u1ec3u th\u00eam<\/p>","protected":false},"author":2,"featured_media":0,"parent":0,"menu_order":0,"comment_status":"closed","ping_status":"closed","template":"page-no-title","meta":{"_acf_changed":false,"footnotes":""},"class_list":["post-640","page","type-page","status-publish","hentry"],"acf":[],"mb":[],"yoast_head":"<!-- This site is optimized with the Yoast SEO plugin v27.4 - https:\/\/yoast.com\/product\/yoast-seo-wordpress\/ -->\n<title>D\u1ecbch v\u1ee5 - VIOBA Social Enterprise<\/title>\n<meta name=\"robots\" content=\"index, follow, max-snippet:-1, max-image-preview:large, max-video-preview:-1\" \/>\n<link rel=\"canonical\" href=\"https:\/\/vioba.org\/en\/dich-vu\/\" \/>\n<meta property=\"og:locale\" content=\"en_GB\" \/>\n<meta property=\"og:type\" content=\"article\" \/>\n<meta property=\"og:title\" content=\"D\u1ecbch v\u1ee5 - VIOBA Social Enterprise\" \/>\n<meta property=\"og:description\" content=\"T\u01b0 v\u1ea5n v\u00e0 D\u1ecbch v\u1ee5 C\u00e1c gi\u1ea3i ph\u00e1p b\u1ec1n v\u1eefng Nghi\u00ean c\u1ee9u v\u00e0 t\u01b0 v\u1ea5n trong l\u0129nh v\u1ef1c gi\u00e0 h\u00f3a v\u00e0 h\u1ed7 tr\u1ee3 ng\u01b0\u1eddi cao tu\u1ed5i S\u1eafp ra m\u1eaft T\u00ecm hi\u1ec3u th\u00eam D\u1ecbch v\u1ee5 cung c\u1ea5p gi\u1ea3i ph\u00e1p h\u1ed7 tr\u1ee3 ng\u01b0\u1eddi cao tu\u1ed5i kh\u1edfi nghi\u1ec7p S\u1eafp ra m\u1eaft T\u00ecm hi\u1ec3u th\u00eam\" \/>\n<meta property=\"og:url\" content=\"https:\/\/vioba.org\/en\/dich-vu\/\" \/>\n<meta property=\"og:site_name\" content=\"VIOBA Social Enterprise\" \/>\n<meta property=\"article:publisher\" content=\"https:\/\/www.facebook.com\/ViobaSocialEnterprise\" \/>\n<meta property=\"article:modified_time\" content=\"2025-06-04T10:02:57+00:00\" \/>\n<meta property=\"og:image\" content=\"https:\/\/vioba.org\/wp-content\/uploads\/2025\/05\/DSC_5628.webp\" \/>\n\t<meta property=\"og:image:width\" content=\"2048\" \/>\n\t<meta property=\"og:image:height\" content=\"1367\" \/>\n\t<meta property=\"og:image:type\" content=\"image\/jpeg\" \/>\n<meta name=\"twitter:card\" content=\"summary_large_image\" \/>\n<meta name=\"twitter:label1\" content=\"Estimated reading time\" \/>\n\t<meta name=\"twitter:data1\" content=\"1 minute\" \/>\n<script type=\"application\/ld+json\" class=\"yoast-schema-graph\">{\"@context\":\"https:\\\/\\\/schema.org\",\"@graph\":[{\"@type\":\"WebPage\",\"@id\":\"https:\\\/\\\/vioba.org\\\/dich-vu\\\/\",\"url\":\"https:\\\/\\\/vioba.org\\\/dich-vu\\\/\",\"name\":\"D\u1ecbch v\u1ee5 - VIOBA Social Enterprise\",\"isPartOf\":{\"@id\":\"https:\\\/\\\/vioba.org\\\/#website\"},\"primaryImageOfPage\":{\"@id\":\"https:\\\/\\\/vioba.org\\\/dich-vu\\\/#primaryimage\"},\"image\":{\"@id\":\"https:\\\/\\\/vioba.org\\\/dich-vu\\\/#primaryimage\"},\"thumbnailUrl\":\"https:\\\/\\\/vioba.org\\\/wp-content\\\/uploads\\\/2025\\\/05\\\/DSC_5628-900x601.webp\",\"datePublished\":\"2025-06-04T09:59:32+00:00\",\"dateModified\":\"2025-06-04T10:02:57+00:00\",\"breadcrumb\":{\"@id\":\"https:\\\/\\\/vioba.org\\\/dich-vu\\\/#breadcrumb\"},\"inLanguage\":\"en-GB\",\"potentialAction\":[{\"@type\":\"ReadAction\",\"target\":[\"https:\\\/\\\/vioba.org\\\/dich-vu\\\/\"]}]},{\"@type\":\"ImageObject\",\"inLanguage\":\"en-GB\",\"@id\":\"https:\\\/\\\/vioba.org\\\/dich-vu\\\/#primaryimage\",\"url\":\"https:\\\/\\\/vioba.org\\\/wp-content\\\/uploads\\\/2025\\\/05\\\/DSC_5628-900x601.webp\",\"contentUrl\":\"https:\\\/\\\/vioba.org\\\/wp-content\\\/uploads\\\/2025\\\/05\\\/DSC_5628-900x601.webp\"},{\"@type\":\"BreadcrumbList\",\"@id\":\"https:\\\/\\\/vioba.org\\\/dich-vu\\\/#breadcrumb\",\"itemListElement\":[{\"@type\":\"ListItem\",\"position\":1,\"name\":\"Home\",\"item\":\"https:\\\/\\\/vioba.org\\\/\"},{\"@type\":\"ListItem\",\"position\":2,\"name\":\"D\u1ecbch v\u1ee5\"}]},{\"@type\":\"WebSite\",\"@id\":\"https:\\\/\\\/vioba.org\\\/#website\",\"url\":\"https:\\\/\\\/vioba.org\\\/\",\"name\":\"VIOBA Social Enterprise\",\"description\":\"V\u00ec m\u1ed9t Vi\u1ec7t Nam gi\u00e0 h\u00f3a ch\u1ee7 \u0111\u1ed9ng\",\"publisher\":{\"@id\":\"https:\\\/\\\/vioba.org\\\/#organization\"},\"potentialAction\":[{\"@type\":\"SearchAction\",\"target\":{\"@type\":\"EntryPoint\",\"urlTemplate\":\"https:\\\/\\\/vioba.org\\\/?s={search_term_string}\"},\"query-input\":{\"@type\":\"PropertyValueSpecification\",\"valueRequired\":true,\"valueName\":\"search_term_string\"}}],\"inLanguage\":\"en-GB\"},{\"@type\":\"Organization\",\"@id\":\"https:\\\/\\\/vioba.org\\\/#organization\",\"name\":\"VIOBA Social Enterprise\",\"url\":\"https:\\\/\\\/vioba.org\\\/\",\"logo\":{\"@type\":\"ImageObject\",\"inLanguage\":\"en-GB\",\"@id\":\"https:\\\/\\\/vioba.org\\\/#\\\/schema\\\/logo\\\/image\\\/\",\"url\":\"https:\\\/\\\/vioba.org\\\/wp-content\\\/uploads\\\/2025\\\/05\\\/Full-colour-RGB.png\",\"contentUrl\":\"https:\\\/\\\/vioba.org\\\/wp-content\\\/uploads\\\/2025\\\/05\\\/Full-colour-RGB.png\",\"width\":500,\"height\":220,\"caption\":\"VIOBA Social Enterprise\"},\"image\":{\"@id\":\"https:\\\/\\\/vioba.org\\\/#\\\/schema\\\/logo\\\/image\\\/\"},\"sameAs\":[\"https:\\\/\\\/www.facebook.com\\\/ViobaSocialEnterprise\"]}]}<\/script>\n<!-- \/ Yoast SEO plugin. -->","yoast_head_json":{"title":"D\u1ecbch v\u1ee5 - VIOBA Social Enterprise","robots":{"index":"index","follow":"follow","max-snippet":"max-snippet:-1","max-image-preview":"max-image-preview:large","max-video-preview":"max-video-preview:-1"},"canonical":"https:\/\/vioba.org\/en\/dich-vu\/","og_locale":"en_GB","og_type":"article","og_title":"D\u1ecbch v\u1ee5 - VIOBA Social Enterprise","og_description":"T\u01b0 v\u1ea5n v\u00e0 D\u1ecbch v\u1ee5 C\u00e1c gi\u1ea3i ph\u00e1p b\u1ec1n v\u1eefng Nghi\u00ean c\u1ee9u v\u00e0 t\u01b0 v\u1ea5n trong l\u0129nh v\u1ef1c gi\u00e0 h\u00f3a v\u00e0 h\u1ed7 tr\u1ee3 ng\u01b0\u1eddi cao tu\u1ed5i S\u1eafp ra m\u1eaft T\u00ecm hi\u1ec3u th\u00eam D\u1ecbch v\u1ee5 cung c\u1ea5p gi\u1ea3i ph\u00e1p h\u1ed7 tr\u1ee3 ng\u01b0\u1eddi cao tu\u1ed5i kh\u1edfi nghi\u1ec7p S\u1eafp ra m\u1eaft T\u00ecm hi\u1ec3u th\u00eam","og_url":"https:\/\/vioba.org\/en\/dich-vu\/","og_site_name":"VIOBA Social Enterprise","article_publisher":"https:\/\/www.facebook.com\/ViobaSocialEnterprise","article_modified_time":"2025-06-04T10:02:57+00:00","og_image":[{"width":2048,"height":1367,"url":"https:\/\/vioba.org\/wp-content\/uploads\/2025\/05\/DSC_5628.webp","type":"image\/jpeg"}],"twitter_card":"summary_large_image","twitter_misc":{"Estimated reading time":"1 minute"},"schema":{"@context":"https:\/\/schema.org","@graph":[{"@type":"WebPage","@id":"https:\/\/vioba.org\/dich-vu\/","url":"https:\/\/vioba.org\/dich-vu\/","name":"D\u1ecbch v\u1ee5 - VIOBA Social Enterprise","isPartOf":{"@id":"https:\/\/vioba.org\/#website"},"primaryImageOfPage":{"@id":"https:\/\/vioba.org\/dich-vu\/#primaryimage"},"image":{"@id":"https:\/\/vioba.org\/dich-vu\/#primaryimage"},"thumbnailUrl":"https:\/\/vioba.org\/wp-content\/uploads\/2025\/05\/DSC_5628-900x601.webp","datePublished":"2025-06-04T09:59:32+00:00","dateModified":"2025-06-04T10:02:57+00:00","breadcrumb":{"@id":"https:\/\/vioba.org\/dich-vu\/#breadcrumb"},"inLanguage":"en-GB","potentialAction":[{"@type":"ReadAction","target":["https:\/\/vioba.org\/dich-vu\/"]}]},{"@type":"ImageObject","inLanguage":"en-GB","@id":"https:\/\/vioba.org\/dich-vu\/#primaryimage","url":"https:\/\/vioba.org\/wp-content\/uploads\/2025\/05\/DSC_5628-900x601.webp","contentUrl":"https:\/\/vioba.org\/wp-content\/uploads\/2025\/05\/DSC_5628-900x601.webp"},{"@type":"BreadcrumbList","@id":"https:\/\/vioba.org\/dich-vu\/#breadcrumb","itemListElement":[{"@type":"ListItem","position":1,"name":"Home","item":"https:\/\/vioba.org\/"},{"@type":"ListItem","position":2,"name":"D\u1ecbch v\u1ee5"}]},{"@type":"WebSite","@id":"https:\/\/vioba.org\/#website","url":"https:\/\/vioba.org\/","name":"VIOBA Social Enterprise","description":"For a proactive ageing Vietnam","publisher":{"@id":"https:\/\/vioba.org\/#organization"},"potentialAction":[{"@type":"SearchAction","target":{"@type":"EntryPoint","urlTemplate":"https:\/\/vioba.org\/?s={search_term_string}"},"query-input":{"@type":"PropertyValueSpecification","valueRequired":true,"valueName":"search_term_string"}}],"inLanguage":"en-GB"},{"@type":"Organization","@id":"https:\/\/vioba.org\/#organization","name":"VIOBA Social Enterprise","url":"https:\/\/vioba.org\/","logo":{"@type":"ImageObject","inLanguage":"en-GB","@id":"https:\/\/vioba.org\/#\/schema\/logo\/image\/","url":"https:\/\/vioba.org\/wp-content\/uploads\/2025\/05\/Full-colour-RGB.png","contentUrl":"https:\/\/vioba.org\/wp-content\/uploads\/2025\/05\/Full-colour-RGB.png","width":500,"height":220,"caption":"VIOBA Social Enterprise"},"image":{"@id":"https:\/\/vioba.org\/#\/schema\/logo\/image\/"},"sameAs":["https:\/\/www.facebook.com\/ViobaSocialEnterprise"]}]}},"mfb_rest_fields":["title","yoast_head","yoast_head_json"],"_links":{"self":[{"href":"https:\/\/vioba.org\/en\/wp-json\/wp\/v2\/pages\/640","targetHints":{"allow":["GET"]}}],"collection":[{"href":"https:\/\/vioba.org\/en\/wp-json\/wp\/v2\/pages"}],"about":[{"href":"https:\/\/vioba.org\/en\/wp-json\/wp\/v2\/types\/page"}],"author":[{"embeddable":true,"href":"https:\/\/vioba.org\/en\/wp-json\/wp\/v2\/users\/2"}],"replies":[{"embeddable":true,"href":"https:\/\/vioba.org\/en\/wp-json\/wp\/v2\/comments?post=640"}],"version-history":[{"count":0,"href":"https:\/\/vioba.org\/en\/wp-json\/wp\/v2\/pages\/640\/revisions"}],"wp:attachment":[{"href":"https:\/\/vioba.org\/en\/wp-json\/wp\/v2\/media?parent=640"}],"curies":[{"name":"wp","href":"https:\/\/api.w.org\/{rel}","templated":true}]}}