{"id":3,"date":"2025-05-15T08:42:32","date_gmt":"2025-05-15T08:42:32","guid":{"rendered":"https:\/\/vioba.org\/?page_id=3"},"modified":"2025-06-05T14:42:33","modified_gmt":"2025-06-05T07:42:33","slug":"chinh-sach-su-dung","status":"publish","type":"page","link":"https:\/\/vioba.org\/en\/chinh-sach-su-dung\/","title":{"rendered":"Ch\u00ednh s\u00e1ch s\u1eed d\u1ee5ng website VIOBA"},"content":{"rendered":"<div class=\"wp-block-stackable-columns alignfull stk-block-columns stk-block stk-c2a98d6 stk-block-background stk--has-background-overlay\" data-block-id=\"c2a98d6\"><style>.stk-c2a98d6 {background-image:url(https:\/\/vioba.org\/wp-content\/uploads\/2025\/06\/glenn-carstens-peters-npxXWgQ33ZQ-unsplash-scaled.webp) !important;background-attachment:fixed !important;background-position:top center !important;min-height:100vh !important;align-items:center !important;margin-bottom:0px !important;display:flex !important;}.stk-c2a98d6:before{background-color:#000000 !important;opacity:0.3 !important;}<\/style><div class=\"stk-row stk-inner-blocks stk-block-content stk-content-align stk-c2a98d6-column alignwide\">\n<div class=\"wp-block-stackable-column stk-block-column stk-column stk-block stk-00a29e3\" data-v=\"4\" data-block-id=\"00a29e3\"><div class=\"stk-column-wrapper stk-block-column__content stk-container stk-00a29e3-container stk--no-background stk--no-padding\"><div class=\"stk-block-content stk-inner-blocks stk-00a29e3-inner-blocks\">\n<div class=\"wp-block-stackable-spacer stk-block-spacer stk--no-padding stk-block stk-6ed7825\" data-block-id=\"6ed7825\"><style>.stk-6ed7825 {height:300px !important;}<\/style><\/div>\n\n\n\n<div class=\"wp-block-stackable-subtitle stk-block-subtitle stk-block stk-8ede0c9\" data-block-id=\"8ede0c9\"><style>.stk-8ede0c9 {margin-bottom:8px !important;}.stk-8ede0c9 .stk-block-subtitle__text{font-size:16px !important;color:#ff6660 !important;font-weight:bold !important;text-transform:uppercase !important;letter-spacing:1px !important;}@media screen and (max-width: 1023px){.stk-8ede0c9 .stk-block-subtitle__text{font-size:16px !important;}}<\/style><p class=\"stk-block-subtitle__text stk-subtitle has-text-color has-text-align-center\">vioba.org<\/p><\/div>\n\n\n\n<div class=\"wp-block-stackable-heading stk-block-heading stk-block-heading--v2 stk-block stk-6016556\" id=\"chinh-sach-s\u1eed-d\u1ee5ng-website-vioba\" data-block-id=\"6016556\"><style>.stk-6016556 .stk-block-heading__text{font-size:60px !important;color:#FFFFFF !important;}@media screen and (max-width: 1023px){.stk-6016556 .stk-block-heading__text{font-size:50px !important;}}<\/style><h1 class=\"stk-block-heading__text has-text-color has-text-align-center\">Ch\u00ednh s\u00e1ch s\u1eed d\u1ee5ng website VIOBA<\/h1><\/div>\n<\/div><\/div><\/div>\n<\/div><\/div>\n\n\n\n<div style=\"height:40px\" aria-hidden=\"true\" class=\"wp-block-spacer\"><\/div>\n\n\n\n<p>Vioba cam k\u1ebft x\u00e2y d\u1ef1ng m\u1ed9t m\u00f4i tr\u01b0\u1eddng tr\u1ef1c tuy\u1ebfn an to\u00e0n, minh b\u1ea1ch v\u00e0 th\u00e2n thi\u1ec7n cho ng\u01b0\u1eddi cao tu\u1ed5i v\u00e0 c\u1ed9ng \u0111\u1ed3ng. Vi\u1ec7c truy c\u1eadp v\u00e0 s\u1eed d\u1ee5ng website vioba.org \u0111\u1ed3ng ngh\u0129a v\u1edbi vi\u1ec7c b\u1ea1n \u0111\u1ed3ng \u00fd tu\u00e2n th\u1ee7 c\u00e1c ch\u00ednh s\u00e1ch v\u00e0 quy \u0111\u1ecbnh d\u01b0\u1edbi \u0111\u00e2y.<\/p>\n\n\n\n<h2 class=\"wp-block-heading\"><strong>1. M\u1ee5c \u0111\u00edch v\u00e0 Ph\u1ea1m vi \u00c1p d\u1ee5ng<\/strong><\/h2>\n\n\n\n<p>Ch\u00ednh s\u00e1ch n\u00e0y \u00e1p d\u1ee5ng cho t\u1ea5t c\u1ea3 ng\u01b0\u1eddi d\u00f9ng truy c\u1eadp v\u00e0o website vioba.org v\u00e0 c\u00e1c d\u1ecbch v\u1ee5 tr\u1ef1c tuy\u1ebfn li\u00ean quan, bao g\u1ed3m:<\/p>\n\n\n\n<ul class=\"wp-block-list\">\n<li>\u0110\u0103ng k\u00fd v\u00e0 tham gia c\u00e1c kh\u00f3a h\u1ecdc d\u00e0nh cho ng\u01b0\u1eddi cao tu\u1ed5i;<\/li>\n\n\n\n<li>S\u1eed d\u1ee5ng d\u1ecbch v\u1ee5 t\u01b0 v\u1ea5n, h\u1ed7 tr\u1ee3 tr\u1ef1c tuy\u1ebfn ho\u1eb7c qua \u0111i\u1ec7n tho\u1ea1i;<\/li>\n\n\n\n<li>T\u01b0\u01a1ng t\u00e1c v\u1edbi n\u1ed9i dung, t\u00e0i li\u1ec7u, video, h\u00ecnh \u1ea3nh v\u00e0 c\u00e1c t\u00e0i nguy\u00ean kh\u00e1c tr\u00ean website;<\/li>\n\n\n\n<li>G\u1eedi ph\u1ea3n h\u1ed3i, g\u00f3p \u00fd ho\u1eb7c li\u00ean h\u1ec7 v\u1edbi Vioba th\u00f4ng qua c\u00e1c bi\u1ec3u m\u1eabu tr\u1ef1c tuy\u1ebfn.<\/li>\n<\/ul>\n\n\n\n<h2 class=\"wp-block-heading\"><strong>2. Thu th\u1eadp v\u00e0 S\u1eed d\u1ee5ng Th\u00f4ng tin C\u00e1 nh\u00e2n<\/strong><\/h2>\n\n\n\n<p>Ch\u00fang t\u00f4i thu th\u1eadp c\u00e1c th\u00f4ng tin c\u00e1 nh\u00e2n nh\u01b0: h\u1ecd t\u00ean, s\u1ed1 \u0111i\u1ec7n tho\u1ea1i, email, \u0111\u1ed9 tu\u1ed5i, khu v\u1ef1c sinh s\u1ed1ng v\u00e0 c\u00e1c th\u00f4ng tin li\u00ean quan kh\u00e1c khi b\u1ea1n:<\/p>\n\n\n\n<ul class=\"wp-block-list\">\n<li>\u0110\u0103ng k\u00fd tham gia kh\u00f3a h\u1ecdc ho\u1eb7c s\u1ef1 ki\u1ec7n;<\/li>\n\n\n\n<li>Y\u00eau c\u1ea7u t\u01b0 v\u1ea5n ho\u1eb7c h\u1ed7 tr\u1ee3;<\/li>\n\n\n\n<li>\u0110\u0103ng k\u00fd nh\u1eadn b\u1ea3n tin ho\u1eb7c th\u00f4ng b\u00e1o t\u1eeb Vioba.<\/li>\n<\/ul>\n\n\n\n<p>C\u00e1c th\u00f4ng tin n\u00e0y \u0111\u01b0\u1ee3c s\u1eed d\u1ee5ng \u0111\u1ec3:<\/p>\n\n\n\n<ul class=\"wp-block-list\">\n<li>X\u00e1c nh\u1eadn \u0111\u0103ng k\u00fd v\u00e0 cung c\u1ea5p d\u1ecbch v\u1ee5 ph\u00f9 h\u1ee3p;<\/li>\n\n\n\n<li>G\u1eedi th\u00f4ng b\u00e1o v\u1ec1 l\u1ecbch h\u1ecdc, t\u00e0i li\u1ec7u v\u00e0 c\u00e1c th\u00f4ng tin li\u00ean quan;<\/li>\n\n\n\n<li>C\u1ea3i thi\u1ec7n ch\u1ea5t l\u01b0\u1ee3ng d\u1ecbch v\u1ee5 v\u00e0 n\u1ed9i dung tr\u00ean website;<\/li>\n\n\n\n<li>Li\u00ean h\u1ec7 khi c\u1ea7n thi\u1ebft \u0111\u1ec3 h\u1ed7 tr\u1ee3 ho\u1eb7c gi\u1ea3i \u0111\u00e1p th\u1eafc m\u1eafc.<\/li>\n<\/ul>\n\n\n\n<p>Vioba c\u00f3 th\u1ec3 chia s\u1ebb th\u00f4ng tin c\u00e1 nh\u00e2n c\u1ee7a b\u1ea1n trong n\u1ed9i b\u1ed9 v\u00e0 v\u1edbi c\u00e1c nh\u00e0 cung c\u1ea5p, c\u1ed1 v\u1ea5n ho\u1eb7c \u0111\u1ed1i t\u00e1c b\u00ean ngo\u00e0i cho c\u00e1c m\u1ee5c \u0111\u00edch h\u1ee3p l\u00fd, v\u00e0 ch\u1ec9 d\u1ef1a tr\u00ean c\u01a1 s\u1edf c\u1ea7n thi\u1ebft. Khi chia s\u1ebb th\u00f4ng tin c\u00e1 nh\u00e2n, ch\u00fang t\u00f4i s\u1ebd th\u1ef1c hi\u1ec7n c\u00e1c bi\u1ec7n ph\u00e1p ki\u1ec3m tra v\u00e0 ki\u1ec3m so\u00e1t th\u00edch h\u1ee3p \u0111\u1ec3 x\u00e1c nh\u1eadn r\u1eb1ng th\u00f4ng tin c\u00f3 th\u1ec3 \u0111\u01b0\u1ee3c chia s\u1ebb, v\u00e0 vi\u1ec7c chia s\u1ebb n\u00e0y tu\u00e2n th\u1ee7 c\u00e1c quy \u0111\u1ecbnh c\u1ee7a ph\u00e1p lu\u1eadt hi\u1ec7n h\u00e0nh.<\/p>\n\n\n\n<h2 class=\"wp-block-heading\"><strong>3. B\u1ea3o m\u1eadt Th\u00f4ng tin<\/strong><\/h2>\n\n\n\n<p>Vioba \u00e1p d\u1ee5ng c\u00e1c bi\u1ec7n ph\u00e1p k\u1ef9 thu\u1eadt v\u00e0 qu\u1ea3n l\u00fd ph\u00f9 h\u1ee3p \u0111\u1ec3 b\u1ea3o v\u1ec7 th\u00f4ng tin c\u00e1 nh\u00e2n c\u1ee7a b\u1ea1n kh\u1ecfi m\u1ea5t m\u00e1t, truy c\u1eadp tr\u00e1i ph\u00e9p, ti\u1ebft l\u1ed9 ho\u1eb7c thay \u0111\u1ed5i. Tuy nhi\u00ean, kh\u00f4ng c\u00f3 h\u1ec7 th\u1ed1ng n\u00e0o \u0111\u1ea3m b\u1ea3o an to\u00e0n tuy\u1ec7t \u0111\u1ed1i; do \u0111\u00f3, ch\u00fang t\u00f4i kh\u00f4ng th\u1ec3 \u0111\u1ea3m b\u1ea3o tuy\u1ec7t \u0111\u1ed1i an to\u00e0n cho th\u00f4ng tin c\u1ee7a b\u1ea1n. Trong tr\u01b0\u1eddng h\u1ee3p ph\u00e1t hi\u1ec7n vi ph\u1ea1m b\u1ea3o m\u1eadt, ch\u00fang t\u00f4i s\u1ebd th\u00f4ng b\u00e1o k\u1ecbp th\u1eddi cho b\u1ea1n v\u00e0 c\u01a1 quan ch\u1ee9c n\u0103ng c\u00f3 th\u1ea9m quy\u1ec1n theo quy \u0111\u1ecbnh c\u1ee7a ph\u00e1p lu\u1eadt.<\/p>\n\n\n\n<h2 class=\"wp-block-heading\"><strong>4. Quy\u1ec1n v\u00e0 Tr\u00e1ch nhi\u1ec7m c\u1ee7a Ng\u01b0\u1eddi D\u00f9ng<\/strong><\/h2>\n\n\n\n<p>Ng\u01b0\u1eddi d\u00f9ng c\u00f3 quy\u1ec1n:<\/p>\n\n\n\n<ul class=\"wp-block-list\">\n<li>Truy c\u1eadp v\u00e0 s\u1eed d\u1ee5ng c\u00e1c d\u1ecbch v\u1ee5, t\u00e0i nguy\u00ean tr\u00ean website theo quy \u0111\u1ecbnh;<\/li>\n\n\n\n<li>Y\u00eau c\u1ea7u ch\u1ec9nh s\u1eeda, chuy\u1ec3n giao, c\u1eadp nh\u1eadt ho\u1eb7c x\u00f3a th\u00f4ng tin c\u00e1 nh\u00e2n \u0111\u00e3 cung c\u1ea5p;<\/li>\n\n\n\n<li>G\u1eedi ph\u1ea3n h\u1ed3i, g\u00f3p \u00fd \u0111\u1ec3 c\u1ea3i thi\u1ec7n d\u1ecbch v\u1ee5.<\/li>\n<\/ul>\n\n\n\n<p>Khi truy c\u1eadp v\u00e0 s\u1eed d\u1ee5ng website vioba.org c\u0169ng nh\u01b0 c\u00e1c d\u1ecbch v\u1ee5 do Vioba cung c\u1ea5p (bao g\u1ed3m \u0111\u0103ng k\u00fd kh\u00f3a h\u1ecdc, nh\u1eadn t\u01b0 v\u1ea5n, s\u1eed d\u1ee5ng t\u00e0i li\u1ec7u&#8230;), ng\u01b0\u1eddi d\u00f9ng c\u00f3 tr\u00e1ch nhi\u1ec7m:<\/p>\n\n\n\n<ul class=\"wp-block-list\">\n<li>Cung c\u1ea5p th\u00f4ng tin c\u00e1 nh\u00e2n ch\u00ednh x\u00e1c (h\u1ecd t\u00ean, s\u1ed1 \u0111i\u1ec7n tho\u1ea1i, email&#8230;) khi \u0111\u0103ng k\u00fd kh\u00f3a h\u1ecdc, tham gia ch\u01b0\u01a1ng tr\u00ecnh ho\u1eb7c g\u1eedi y\u00eau c\u1ea7u h\u1ed7 tr\u1ee3. Kh\u00f4ng s\u1eed d\u1ee5ng th\u00f4ng tin gi\u1ea3 m\u1ea1o, m\u1ea1o danh ng\u01b0\u1eddi kh\u00e1c ho\u1eb7c \u0111\u0103ng k\u00fd nhi\u1ec1u l\u1ea7n v\u1edbi th\u00f4ng tin sai l\u1ec7ch nh\u1eb1m tr\u1ee5c l\u1ee3i ho\u1eb7c g\u00e2y nhi\u1ec5u h\u1ec7 th\u1ed1ng;<\/li>\n\n\n\n<li>T\u1ef1 ch\u1ecbu tr\u00e1ch nhi\u1ec7m b\u1ea3o m\u1eadt c\u00e1c th\u00f4ng tin t\u00e0i kho\u1ea3n (n\u1ebfu c\u00f3), kh\u00f4ng chia s\u1ebb th\u00f4ng tin \u0111\u0103ng nh\u1eadp cho ng\u01b0\u1eddi kh\u00e1c;<\/li>\n\n\n\n<li>Ch\u1ec9 s\u1eed d\u1ee5ng c\u00e1c t\u00e0i nguy\u00ean (t\u00e0i li\u1ec7u, video, h\u00ecnh \u1ea3nh, n\u1ed9i dung&#8230;) tr\u00ean website Vioba cho m\u1ee5c \u0111\u00edch h\u1ecdc t\u1eadp, nghi\u00ean c\u1ee9u ho\u1eb7c chia s\u1ebb c\u1ed9ng \u0111\u1ed3ng \u2013 tuy\u1ec7t \u0111\u1ed1i kh\u00f4ng s\u1eed d\u1ee5ng l\u1ea1i cho m\u1ee5c \u0111\u00edch th\u01b0\u01a1ng m\u1ea1i n\u1ebfu ch\u01b0a c\u00f3 s\u1ef1 cho ph\u00e9p b\u1eb1ng v\u0103n b\u1ea3n t\u1eeb Vioba;<\/li>\n\n\n\n<li>Kh\u00f4ng th\u1ef1c hi\u1ec7n c\u00e1c h\u00e0nh vi l\u00e0m gi\u00e1n \u0111o\u1ea1n ho\u1eb7c g\u00e2y t\u1ed5n h\u1ea1i \u0111\u1ebfn ho\u1ea1t \u0111\u1ed9ng b\u00ecnh th\u01b0\u1eddng c\u1ee7a website, nh\u01b0 t\u1ea5n c\u00f4ng h\u1ec7 th\u1ed1ng, g\u1eedi spam, ho\u1eb7c ph\u00e1t t\u00e1n m\u00e3 \u0111\u1ed9c;<\/li>\n\n\n\n<li>Kh\u00f4ng \u0111\u0103ng t\u1ea3i, b\u00ecnh lu\u1eadn ho\u1eb7c lan truy\u1ec1n nh\u1eefng n\u1ed9i dung c\u00f3 t\u00ednh ch\u1ea5t x\u00fac ph\u1ea1m, b\u00f4i nh\u1ecd, k\u1ef3 th\u1ecb, b\u1ea1o l\u1ef1c, vi ph\u1ea1m thu\u1ea7n phong m\u1ef9 t\u1ee5c ho\u1eb7c ph\u00e1p lu\u1eadt;<\/li>\n\n\n\n<li>Ng\u01b0\u1eddi d\u00f9ng ho\u00e0n to\u00e0n ch\u1ecbu tr\u00e1ch nhi\u1ec7m tr\u01b0\u1edbc ph\u00e1p lu\u1eadt v\u1ec1 h\u00e0nh vi s\u1eed d\u1ee5ng website sai m\u1ee5c \u0111\u00edch ho\u1eb7c vi ph\u1ea1m c\u00e1c quy \u0111\u1ecbnh tr\u00ean.<\/li>\n<\/ul>\n\n\n\n<p>Trong tr\u01b0\u1eddng h\u1ee3p c\u00f3 tranh ch\u1ea5p ho\u1eb7c khi\u1ebfu n\u1ea1i, ng\u01b0\u1eddi d\u00f9ng c\u1ea7n h\u1ee3p t\u00e1c v\u00e0 cung c\u1ea5p th\u00f4ng tin trung th\u1ef1c \u0111\u1ec3 Vioba x\u1eed l\u00fd.<\/p>\n\n\n\n<h2 class=\"wp-block-heading\"><strong>5. Quy\u1ec1n s\u1edf h\u1eefu tr\u00ed tu\u1ec7<\/strong><\/h2>\n\n\n\n<p>T\u1ea5t c\u1ea3 n\u1ed9i dung tr\u00ean website vioba.org, bao g\u1ed3m nh\u01b0ng kh\u00f4ng gi\u1edbi h\u1ea1n: v\u0103n b\u1ea3n, h\u00ecnh \u1ea3nh, video, bi\u1ec3u t\u01b0\u1ee3ng, logo, t\u00e0i li\u1ec7u v\u00e0 ph\u1ea7n m\u1ec1m, \u0111\u1ec1u thu\u1ed9c quy\u1ec1n s\u1edf h\u1eefu c\u1ee7a Vioba ho\u1eb7c c\u00e1c b\u00ean li\u00ean k\u1ebft v\u00e0 \u0111\u01b0\u1ee3c b\u1ea3o v\u1ec7 theo quy \u0111\u1ecbnh c\u1ee7a ph\u00e1p lu\u1eadt v\u1ec1 s\u1edf h\u1eefu tr\u00ed tu\u1ec7.<\/p>\n\n\n\n<p>Vi\u1ec7c sao ch\u00e9p, ph\u00e1t h\u00e0nh, truy\u1ec1n t\u1ea3i ho\u1eb7c s\u1eed d\u1ee5ng l\u1ea1i n\u1ed9i dung tr\u00ean website cho m\u1ee5c \u0111\u00edch th\u01b0\u01a1ng m\u1ea1i ho\u1eb7c phi th\u01b0\u01a1ng m\u1ea1i m\u00e0 kh\u00f4ng c\u00f3 s\u1ef1 cho ph\u00e9p b\u1eb1ng v\u0103n b\u1ea3n t\u1eeb Vioba l\u00e0 h\u00e0nh vi vi ph\u1ea1m v\u00e0 c\u00f3 th\u1ec3 b\u1ecb x\u1eed l\u00fd theo quy \u0111\u1ecbnh c\u1ee7a ph\u00e1p lu\u1eadt.<\/p>\n\n\n\n<h2 class=\"wp-block-heading\"><strong>6. S\u1eed d\u1ee5ng cookie v\u00e0 c\u00e1c c\u00f4ng ngh\u1ec7 \u0111\u1ecbnh danh kh\u00e1c<\/strong><\/h2>\n\n\n\n<p>Cookie l\u00e0 c\u00e1c m\u1ea3nh v\u0103n b\u1ea3n nh\u1ecf \u0111\u01b0\u1ee3c s\u1eed d\u1ee5ng \u0111\u1ec3 l\u01b0u tr\u1eef th\u00f4ng tin tr\u00ean tr\u00ecnh duy\u1ec7t web. Cookie \u0111\u01b0\u1ee3c s\u1eed d\u1ee5ng \u0111\u1ec3 l\u01b0u tr\u1eef v\u00e0 nh\u1eadn c\u00e1c \u0111\u1ecbnh danh v\u00e0 th\u00f4ng tin kh\u00e1c tr\u00ean m\u00e1y t\u00ednh, \u0111i\u1ec7n tho\u1ea1i v\u00e0 c\u00e1c thi\u1ebft b\u1ecb kh\u00e1c. C\u00e1c c\u00f4ng ngh\u1ec7 kh\u00e1c, bao g\u1ed3m d\u1eef li\u1ec7u m\u00e0 ch\u00fang t\u00f4i l\u01b0u tr\u1eef tr\u00ean tr\u00ecnh duy\u1ec7t web ho\u1eb7c thi\u1ebft b\u1ecb c\u1ee7a b\u1ea1n, v\u00e0 c\u00e1c \u0111\u1ecbnh danh li\u00ean quan \u0111\u1ebfn thi\u1ebft b\u1ecb c\u1ee7a b\u1ea1n v\u00e0 ph\u1ea7n m\u1ec1m kh\u00e1c, \u0111\u01b0\u1ee3c s\u1eed d\u1ee5ng cho c\u00e1c m\u1ee5c \u0111\u00edch t\u01b0\u01a1ng t\u1ef1. Trong ch\u00ednh s\u00e1ch n\u00e0y, ch\u00fang t\u00f4i g\u1ecdi t\u1ea5t c\u1ea3 c\u00e1c c\u00f4ng ngh\u1ec7 n\u00e0y l\u00e0 &#8220;cookie&#8221;.<\/p>\n\n\n\n<p>Website vioba.org c\u00f3 th\u1ec3 s\u1eed d\u1ee5ng cookie v\u00e0 c\u00e1c c\u00f4ng ngh\u1ec7 t\u01b0\u01a1ng t\u1ef1, bao g\u1ed3m c\u1ea3 nh\u1eefng cookie \u0111\u01b0\u1ee3c thi\u1ebft l\u1eadp b\u1edfi c\u00e1c d\u1ecbch v\u1ee5 c\u1ee7a b\u00ean th\u1ee9 ba, \u0111\u1ec3 ph\u00e2n bi\u1ec7t b\u1ea1n v\u1edbi c\u00e1c ng\u01b0\u1eddi d\u00f9ng kh\u00e1c. \u0110i\u1ec1u n\u00e0y gi\u00fap ch\u00fang t\u00f4i cung c\u1ea5p t\u1edbi b\u1ea1n d\u1ecbch v\u1ee5 t\u1ed1t h\u01a1n v\u00e0 c\u00e1 nh\u00e2n h\u00f3a h\u01a1n, b\u1eb1ng c\u00e1ch:<\/p>\n\n\n\n<ul class=\"wp-block-list\">\n<li>Ghi nh\u1edb th\u00f4ng tin \u0111\u0103ng nh\u1eadp v\u00e0 t\u00f9y ch\u1ecdn c\u1ee7a b\u1ea1n;<\/li>\n\n\n\n<li>Ph\u00e2n t\u00edch l\u01b0u l\u01b0\u1ee3ng truy c\u1eadp v\u00e0 h\u00e0nh vi ng\u01b0\u1eddi d\u00f9ng \u0111\u1ec3 c\u1ea3i thi\u1ec7n d\u1ecbch v\u1ee5;<\/li>\n\n\n\n<li>Cung c\u1ea5p n\u1ed9i dung v\u00e0 qu\u1ea3ng c\u00e1o ph\u00f9 h\u1ee3p v\u1edbi s\u1edf th\u00edch c\u1ee7a b\u1ea1n;<\/li>\n\n\n\n<li>\u0110o l\u01b0\u1eddng hi\u1ec7u su\u1ea5t d\u1ecbch v\u1ee5 c\u1ee7a c\u00e1c b\u00ean th\u1ee9 ba.<\/li>\n<\/ul>\n\n\n\n<p>B\u1ea1n c\u00f3 th\u1ec3 \u0111i\u1ec1u ch\u1ec9nh c\u00e0i \u0111\u1eb7t tr\u00ecnh duy\u1ec7t \u0111\u1ec3 t\u1eeb ch\u1ed1i ho\u1eb7c x\u00f3a cookie, nh\u01b0ng \u0111i\u1ec1u n\u00e0y c\u00f3 th\u1ec3 \u1ea3nh h\u01b0\u1edfng \u0111\u1ebfn tr\u1ea3i nghi\u1ec7m s\u1eed d\u1ee5ng website.<\/p>\n\n\n\n<h2 class=\"wp-block-heading\"><strong>7. Thay \u0111\u1ed5i, \u0111i\u1ec1u ch\u1ec9nh Ch\u00ednh s\u00e1ch<\/strong><\/h2>\n\n\n\n<p>Vioba c\u00f3 th\u1ec3 c\u1eadp nh\u1eadt ch\u00ednh s\u00e1ch n\u00e0y theo th\u1eddi gian \u0111\u1ec3 ph\u1ea3n \u00e1nh s\u1ef1 thay \u0111\u1ed5i trong ho\u1ea1t \u0111\u1ed9ng ho\u1eb7c theo y\u00eau c\u1ea7u c\u1ee7a ph\u00e1p lu\u1eadt. M\u1ecdi thay \u0111\u1ed5i s\u1ebd \u0111\u01b0\u1ee3c th\u00f4ng b\u00e1o tr\u00ean website. Vi\u1ec7c ti\u1ebfp t\u1ee5c s\u1eed d\u1ee5ng website sau khi ch\u00ednh s\u00e1ch \u0111\u01b0\u1ee3c c\u1eadp nh\u1eadt \u0111\u1ed3ng ngh\u0129a v\u1edbi vi\u1ec7c b\u1ea1n ch\u1ea5p nh\u1eadn c\u00e1c thay \u0111\u1ed5i \u0111\u00f3.<\/p>\n\n\n\n<h2 class=\"wp-block-heading\"><strong>8. Li\u00ean h\u1ec7<\/strong><\/h2>\n\n\n\n<p>N\u1ebfu b\u1ea1n c\u00f3 b\u1ea5t k\u1ef3 c\u00e2u h\u1ecfi, th\u1eafc m\u1eafc ho\u1eb7c y\u00eau c\u1ea7u n\u00e0o li\u00ean quan \u0111\u1ebfn ch\u00ednh s\u00e1ch n\u00e0y, vui l\u00f2ng li\u00ean h\u1ec7:<\/p>\n\n\n\n<ul class=\"wp-block-list\">\n<li>\u0110\u1ecba ch\u1ec9: T\u1ea7ng 4, s\u1ed1 17, ng\u00f5 167 T\u00e2y S\u01a1n, Quang Trung, \u0110\u1ed1ng \u0110a, H\u00e0 N\u1ed9i<\/li>\n\n\n\n<li>Email: contact@vioba.org<\/li>\n<\/ul>\n\n\n\n<div style=\"height:40px\" aria-hidden=\"true\" class=\"wp-block-spacer\"><\/div>","protected":false},"excerpt":{"rendered":"<p>vioba.org Ch\u00ednh s\u00e1ch s\u1eed d\u1ee5ng website VIOBA Vioba cam k\u1ebft x\u00e2y d\u1ef1ng m\u1ed9t m\u00f4i tr\u01b0\u1eddng tr\u1ef1c tuy\u1ebfn an to\u00e0n, minh b\u1ea1ch v\u00e0 th\u00e2n thi\u1ec7n cho ng\u01b0\u1eddi cao tu\u1ed5i v\u00e0 c\u1ed9ng \u0111\u1ed3ng. Vi\u1ec7c truy c\u1eadp v\u00e0 s\u1eed d\u1ee5ng website vioba.org \u0111\u1ed3ng ngh\u0129a v\u1edbi vi\u1ec7c b\u1ea1n \u0111\u1ed3ng \u00fd tu\u00e2n th\u1ee7 c\u00e1c ch\u00ednh s\u00e1ch v\u00e0 quy \u0111\u1ecbnh d\u01b0\u1edbi [&hellip;]<\/p>\n","protected":false},"author":1,"featured_media":0,"parent":0,"menu_order":0,"comment_status":"closed","ping_status":"closed","template":"page-no-title","meta":{"_acf_changed":false,"footnotes":""},"class_list":["post-3","page","type-page","status-publish","hentry"],"acf":[],"mb":[],"yoast_head":"<!-- This site is optimized with the Yoast SEO plugin v27.4 - https:\/\/yoast.com\/product\/yoast-seo-wordpress\/ -->\n<title>Ch\u00ednh s\u00e1ch s\u1eed d\u1ee5ng website VIOBA - VIOBA Social Enterprise<\/title>\n<meta name=\"robots\" content=\"index, follow, max-snippet:-1, max-image-preview:large, max-video-preview:-1\" \/>\n<link rel=\"canonical\" href=\"https:\/\/vioba.org\/en\/chinh-sach-su-dung\/\" \/>\n<meta property=\"og:locale\" content=\"en_GB\" \/>\n<meta property=\"og:type\" content=\"article\" \/>\n<meta property=\"og:title\" content=\"Ch\u00ednh s\u00e1ch s\u1eed d\u1ee5ng website VIOBA - VIOBA Social Enterprise\" \/>\n<meta property=\"og:description\" content=\"vioba.org Ch\u00ednh s\u00e1ch s\u1eed d\u1ee5ng website VIOBA Vioba cam k\u1ebft x\u00e2y d\u1ef1ng m\u1ed9t m\u00f4i tr\u01b0\u1eddng tr\u1ef1c tuy\u1ebfn an to\u00e0n, minh b\u1ea1ch v\u00e0 th\u00e2n thi\u1ec7n cho ng\u01b0\u1eddi cao tu\u1ed5i v\u00e0 c\u1ed9ng \u0111\u1ed3ng. Vi\u1ec7c truy c\u1eadp v\u00e0 s\u1eed d\u1ee5ng website vioba.org \u0111\u1ed3ng ngh\u0129a v\u1edbi vi\u1ec7c b\u1ea1n \u0111\u1ed3ng \u00fd tu\u00e2n th\u1ee7 c\u00e1c ch\u00ednh s\u00e1ch v\u00e0 quy \u0111\u1ecbnh d\u01b0\u1edbi [&hellip;]\" \/>\n<meta property=\"og:url\" content=\"https:\/\/vioba.org\/en\/chinh-sach-su-dung\/\" \/>\n<meta property=\"og:site_name\" content=\"VIOBA Social Enterprise\" \/>\n<meta property=\"article:publisher\" content=\"https:\/\/www.facebook.com\/ViobaSocialEnterprise\" \/>\n<meta property=\"article:modified_time\" content=\"2025-06-05T07:42:33+00:00\" \/>\n<meta name=\"twitter:card\" content=\"summary_large_image\" \/>\n<meta name=\"twitter:label1\" content=\"Estimated reading time\" \/>\n\t<meta name=\"twitter:data1\" content=\"6 minutes\" \/>\n<script type=\"application\/ld+json\" class=\"yoast-schema-graph\">{\"@context\":\"https:\\\/\\\/schema.org\",\"@graph\":[{\"@type\":\"WebPage\",\"@id\":\"https:\\\/\\\/vioba.org\\\/chinh-sach-su-dung\\\/\",\"url\":\"https:\\\/\\\/vioba.org\\\/chinh-sach-su-dung\\\/\",\"name\":\"Ch\u00ednh s\u00e1ch s\u1eed d\u1ee5ng website VIOBA - VIOBA Social Enterprise\",\"isPartOf\":{\"@id\":\"https:\\\/\\\/vioba.org\\\/#website\"},\"datePublished\":\"2025-05-15T08:42:32+00:00\",\"dateModified\":\"2025-06-05T07:42:33+00:00\",\"breadcrumb\":{\"@id\":\"https:\\\/\\\/vioba.org\\\/chinh-sach-su-dung\\\/#breadcrumb\"},\"inLanguage\":\"en-GB\",\"potentialAction\":[{\"@type\":\"ReadAction\",\"target\":[\"https:\\\/\\\/vioba.org\\\/chinh-sach-su-dung\\\/\"]}]},{\"@type\":\"BreadcrumbList\",\"@id\":\"https:\\\/\\\/vioba.org\\\/chinh-sach-su-dung\\\/#breadcrumb\",\"itemListElement\":[{\"@type\":\"ListItem\",\"position\":1,\"name\":\"Home\",\"item\":\"https:\\\/\\\/vioba.org\\\/\"},{\"@type\":\"ListItem\",\"position\":2,\"name\":\"Ch\u00ednh s\u00e1ch s\u1eed d\u1ee5ng website VIOBA\"}]},{\"@type\":\"WebSite\",\"@id\":\"https:\\\/\\\/vioba.org\\\/#website\",\"url\":\"https:\\\/\\\/vioba.org\\\/\",\"name\":\"VIOBA Social Enterprise\",\"description\":\"V\u00ec m\u1ed9t Vi\u1ec7t Nam gi\u00e0 h\u00f3a ch\u1ee7 \u0111\u1ed9ng\",\"publisher\":{\"@id\":\"https:\\\/\\\/vioba.org\\\/#organization\"},\"potentialAction\":[{\"@type\":\"SearchAction\",\"target\":{\"@type\":\"EntryPoint\",\"urlTemplate\":\"https:\\\/\\\/vioba.org\\\/?s={search_term_string}\"},\"query-input\":{\"@type\":\"PropertyValueSpecification\",\"valueRequired\":true,\"valueName\":\"search_term_string\"}}],\"inLanguage\":\"en-GB\"},{\"@type\":\"Organization\",\"@id\":\"https:\\\/\\\/vioba.org\\\/#organization\",\"name\":\"VIOBA Social Enterprise\",\"url\":\"https:\\\/\\\/vioba.org\\\/\",\"logo\":{\"@type\":\"ImageObject\",\"inLanguage\":\"en-GB\",\"@id\":\"https:\\\/\\\/vioba.org\\\/#\\\/schema\\\/logo\\\/image\\\/\",\"url\":\"https:\\\/\\\/vioba.org\\\/wp-content\\\/uploads\\\/2025\\\/05\\\/Full-colour-RGB.png\",\"contentUrl\":\"https:\\\/\\\/vioba.org\\\/wp-content\\\/uploads\\\/2025\\\/05\\\/Full-colour-RGB.png\",\"width\":500,\"height\":220,\"caption\":\"VIOBA Social Enterprise\"},\"image\":{\"@id\":\"https:\\\/\\\/vioba.org\\\/#\\\/schema\\\/logo\\\/image\\\/\"},\"sameAs\":[\"https:\\\/\\\/www.facebook.com\\\/ViobaSocialEnterprise\"]}]}<\/script>\n<!-- \/ Yoast SEO plugin. -->","yoast_head_json":{"title":"Ch\u00ednh s\u00e1ch s\u1eed d\u1ee5ng website VIOBA - VIOBA Social Enterprise","robots":{"index":"index","follow":"follow","max-snippet":"max-snippet:-1","max-image-preview":"max-image-preview:large","max-video-preview":"max-video-preview:-1"},"canonical":"https:\/\/vioba.org\/en\/chinh-sach-su-dung\/","og_locale":"en_GB","og_type":"article","og_title":"Ch\u00ednh s\u00e1ch s\u1eed d\u1ee5ng website VIOBA - VIOBA Social Enterprise","og_description":"vioba.org Ch\u00ednh s\u00e1ch s\u1eed d\u1ee5ng website VIOBA Vioba cam k\u1ebft x\u00e2y d\u1ef1ng m\u1ed9t m\u00f4i tr\u01b0\u1eddng tr\u1ef1c tuy\u1ebfn an to\u00e0n, minh b\u1ea1ch v\u00e0 th\u00e2n thi\u1ec7n cho ng\u01b0\u1eddi cao tu\u1ed5i v\u00e0 c\u1ed9ng \u0111\u1ed3ng. Vi\u1ec7c truy c\u1eadp v\u00e0 s\u1eed d\u1ee5ng website vioba.org \u0111\u1ed3ng ngh\u0129a v\u1edbi vi\u1ec7c b\u1ea1n \u0111\u1ed3ng \u00fd tu\u00e2n th\u1ee7 c\u00e1c ch\u00ednh s\u00e1ch v\u00e0 quy \u0111\u1ecbnh d\u01b0\u1edbi [&hellip;]","og_url":"https:\/\/vioba.org\/en\/chinh-sach-su-dung\/","og_site_name":"VIOBA Social Enterprise","article_publisher":"https:\/\/www.facebook.com\/ViobaSocialEnterprise","article_modified_time":"2025-06-05T07:42:33+00:00","twitter_card":"summary_large_image","twitter_misc":{"Estimated reading time":"6 minutes"},"schema":{"@context":"https:\/\/schema.org","@graph":[{"@type":"WebPage","@id":"https:\/\/vioba.org\/chinh-sach-su-dung\/","url":"https:\/\/vioba.org\/chinh-sach-su-dung\/","name":"Ch\u00ednh s\u00e1ch s\u1eed d\u1ee5ng website VIOBA - VIOBA Social Enterprise","isPartOf":{"@id":"https:\/\/vioba.org\/#website"},"datePublished":"2025-05-15T08:42:32+00:00","dateModified":"2025-06-05T07:42:33+00:00","breadcrumb":{"@id":"https:\/\/vioba.org\/chinh-sach-su-dung\/#breadcrumb"},"inLanguage":"en-GB","potentialAction":[{"@type":"ReadAction","target":["https:\/\/vioba.org\/chinh-sach-su-dung\/"]}]},{"@type":"BreadcrumbList","@id":"https:\/\/vioba.org\/chinh-sach-su-dung\/#breadcrumb","itemListElement":[{"@type":"ListItem","position":1,"name":"Home","item":"https:\/\/vioba.org\/"},{"@type":"ListItem","position":2,"name":"Ch\u00ednh s\u00e1ch s\u1eed d\u1ee5ng website VIOBA"}]},{"@type":"WebSite","@id":"https:\/\/vioba.org\/#website","url":"https:\/\/vioba.org\/","name":"VIOBA Social Enterprise","description":"For a proactive ageing Vietnam","publisher":{"@id":"https:\/\/vioba.org\/#organization"},"potentialAction":[{"@type":"SearchAction","target":{"@type":"EntryPoint","urlTemplate":"https:\/\/vioba.org\/?s={search_term_string}"},"query-input":{"@type":"PropertyValueSpecification","valueRequired":true,"valueName":"search_term_string"}}],"inLanguage":"en-GB"},{"@type":"Organization","@id":"https:\/\/vioba.org\/#organization","name":"VIOBA Social Enterprise","url":"https:\/\/vioba.org\/","logo":{"@type":"ImageObject","inLanguage":"en-GB","@id":"https:\/\/vioba.org\/#\/schema\/logo\/image\/","url":"https:\/\/vioba.org\/wp-content\/uploads\/2025\/05\/Full-colour-RGB.png","contentUrl":"https:\/\/vioba.org\/wp-content\/uploads\/2025\/05\/Full-colour-RGB.png","width":500,"height":220,"caption":"VIOBA Social Enterprise"},"image":{"@id":"https:\/\/vioba.org\/#\/schema\/logo\/image\/"},"sameAs":["https:\/\/www.facebook.com\/ViobaSocialEnterprise"]}]}},"mfb_rest_fields":["title","yoast_head","yoast_head_json"],"_links":{"self":[{"href":"https:\/\/vioba.org\/en\/wp-json\/wp\/v2\/pages\/3","targetHints":{"allow":["GET"]}}],"collection":[{"href":"https:\/\/vioba.org\/en\/wp-json\/wp\/v2\/pages"}],"about":[{"href":"https:\/\/vioba.org\/en\/wp-json\/wp\/v2\/types\/page"}],"author":[{"embeddable":true,"href":"https:\/\/vioba.org\/en\/wp-json\/wp\/v2\/users\/1"}],"replies":[{"embeddable":true,"href":"https:\/\/vioba.org\/en\/wp-json\/wp\/v2\/comments?post=3"}],"version-history":[{"count":0,"href":"https:\/\/vioba.org\/en\/wp-json\/wp\/v2\/pages\/3\/revisions"}],"wp:attachment":[{"href":"https:\/\/vioba.org\/en\/wp-json\/wp\/v2\/media?parent=3"}],"curies":[{"name":"wp","href":"https:\/\/api.w.org\/{rel}","templated":true}]}}