{"id":2,"date":"2025-05-15T08:42:32","date_gmt":"2025-05-15T08:42:32","guid":{"rendered":"https:\/\/vioba.org\/?page_id=2"},"modified":"2026-03-31T17:07:52","modified_gmt":"2026-03-31T10:07:52","slug":"lien-he","status":"publish","type":"page","link":"https:\/\/vioba.org\/en\/lien-he\/","title":{"rendered":"Contact"},"content":{"rendered":"<div class=\"wp-block-stackable-columns alignfull stk-block-columns stk-block stk-c2a98d6 stk-block-background stk--has-background-overlay\" data-block-id=\"c2a98d6\"><style>.stk-c2a98d6 {background-image:url(https:\/\/vioba.org\/wp-content\/uploads\/2025\/05\/20250425_113809-scaled.webp) !important;background-attachment:fixed !important;background-position:top center !important;min-height:100vh !important;align-items:center !important;margin-bottom:0px !important;display:flex !important;}.stk-c2a98d6:before{background-color:#000000 !important;opacity:0.3 !important;}<\/style><div class=\"stk-row stk-inner-blocks stk-block-content stk-content-align stk-c2a98d6-column alignwide\">\n<div class=\"wp-block-stackable-column stk-block-column stk-column stk-block stk-00a29e3\" data-v=\"4\" data-block-id=\"00a29e3\"><div class=\"stk-column-wrapper stk-block-column__content stk-container stk-00a29e3-container stk--no-background stk--no-padding\"><div class=\"stk-block-content stk-inner-blocks stk-00a29e3-inner-blocks\">\n<div class=\"wp-block-stackable-spacer stk-block-spacer stk--no-padding stk-block stk-6ed7825\" data-block-id=\"6ed7825\"><style>.stk-6ed7825 {height:300px !important;}<\/style><\/div>\n\n\n\n<div class=\"wp-block-stackable-subtitle stk-block-subtitle stk-block stk-8ede0c9\" data-block-id=\"8ede0c9\"><style>.stk-8ede0c9 {margin-bottom:8px !important;}.stk-8ede0c9 .stk-block-subtitle__text{font-size:16px !important;color:#ff6660 !important;font-weight:bold !important;text-transform:uppercase !important;letter-spacing:1px !important;}@media screen and (max-width: 1023px){.stk-8ede0c9 .stk-block-subtitle__text{font-size:16px !important;}}<\/style><p class=\"stk-block-subtitle__text stk-subtitle has-text-color has-text-align-center\">Contact<\/p><\/div>\n\n\n\n<div class=\"wp-block-stackable-heading stk-block-heading stk-block-heading--v2 stk-block stk-6016556\" id=\"k\u1ebft-n\u1ed1i-v\u1edbi-vioba\" data-block-id=\"6016556\"><style>.stk-6016556 .stk-block-heading__text{font-size:60px !important;color:#FFFFFF !important;}@media screen and (max-width: 1023px){.stk-6016556 .stk-block-heading__text{font-size:50px !important;}}<\/style><h1 class=\"stk-block-heading__text has-text-color has-text-align-center\">Connect with Vioba<\/h1><\/div>\n<\/div><\/div><\/div>\n<\/div><\/div>\n\n\n\n<div class=\"wp-block-stackable-columns alignfull stk-block-columns stk-block stk-378a2d0\" data-block-id=\"378a2d0\"><style>.stk-378a2d0 {margin-top:40px !important;margin-bottom:40px !important;}<\/style><div class=\"stk-row stk-inner-blocks stk-block-content stk-content-align stk-378a2d0-column alignwide\">\n<div class=\"wp-block-stackable-column stk-block-column stk-column stk-block stk-8eb970e\" data-v=\"4\" data-block-id=\"8eb970e\"><style>@media screen and (min-width: 768px){.stk-8eb970e {flex:var(--stk-flex-grow, 1) 1 calc(33.333% - var(--stk-column-gap, 0px) * 1 \/ 2 ) !important;}}<\/style><div class=\"stk-column-wrapper stk-block-column__content stk-container stk-8eb970e-container stk--no-background stk--no-padding\"><div class=\"stk-block-content stk-inner-blocks stk-8eb970e-inner-blocks\">\n<div class=\"wp-block-stackable-heading stk-block-heading stk-block-heading--v2 stk-block stk-dfae90f\" id=\"lien-h\u1ec7-v\u1edbi-chung-toi\" data-block-id=\"dfae90f\"><h2 class=\"stk-block-heading__text\">Contact us<\/h2><\/div>\n\n\n\n<div class=\"wp-block-stackable-text stk-block-text stk-block stk-c0b4acb\" data-block-id=\"c0b4acb\"><p class=\"stk-block-text__text\">We are always ready to accompany you in all initiatives to build a society for all ages.<\/p><\/div>\n\n\n\n<div class=\"wp-block-stackable-icon-box stk-block-icon-box stk-block stk-6d510cb\" data-v=\"2\" data-block-id=\"6d510cb\"><div class=\"stk-block-content stk-inner-blocks stk-block-icon-box__content stk-container stk-6d510cb-container stk--no-background stk--no-padding\">\n<div class=\"wp-block-stackable-icon-label stk-block-icon-label stk-block stk-2bbe3a9\" data-block-id=\"2bbe3a9\"><style>.stk-2bbe3a9 {margin-bottom:0px !important;}<\/style><div class=\"stk-row stk-inner-blocks stk-block-content\">\n<div class=\"wp-block-stackable-icon stk-block-icon has-text-align-left stk-block stk-32f0a32\" data-block-id=\"32f0a32\"><style>.stk-32f0a32 .stk--svg-wrapper .stk--inner-svg svg:last-child, .stk-32f0a32 .stk--svg-wrapper .stk--inner-svg svg:last-child :is(g, path, rect, polygon, ellipse){fill:#ff6660 !important;}<\/style><span class=\"stk--svg-wrapper\"><div class=\"stk--inner-svg\"><svg style=\"height:0;width:0\"><defs><lineargradient id=\"linear-gradient-32f0a32\" x1=\"0\" x2=\"100%\" y1=\"0\" y2=\"0\"><stop offset=\"0%\" style=\"stop-opacity:1;stop-color:var(--linear-gradient-32-f-0-a-32-color-1)\"><\/stop><stop offset=\"100%\" style=\"stop-opacity:1;stop-color:var(--linear-gradient-32-f-0-a-32-color-2)\"><\/stop><\/lineargradient><\/defs><\/svg><svg xmlns=\"http:\/\/www.w3.org\/2000\/svg\" viewbox=\"0 0 576 512\" aria-hidden=\"true\" width=\"32\" height=\"32\"><path d=\"M408 120c0 54.6-73.1 151.9-105.2 192c-7.7 9.6-22 9.6-29.6 0C241.1 271.9 168 174.6 168 120C168 53.7 221.7 0 288 0s120 53.7 120 120zm8 80.4c3.5-6.9 6.7-13.8 9.6-20.6c.5-1.2 1-2.5 1.5-3.7l116-46.4C558.9 123.4 576 135 576 152V422.8c0 9.8-6 18.6-15.1 22.3L416 503V200.4zM137.6 138.3c2.4 14.1 7.2 28.3 12.8 41.5c2.9 6.8 6.1 13.7 9.6 20.6V451.8L32.9 502.7C17.1 509 0 497.4 0 480.4V209.6c0-9.8 6-18.6 15.1-22.3l122.6-49zM327.8 332c13.9-17.4 35.7-45.7 56.2-77V504.3L192 449.4V255c20.5 31.3 42.3 59.6 56.2 77c20.5 25.6 59.1 25.6 79.6 0zM288 152a40 40 0 1 0 0-80 40 40 0 1 0 0 80z\"\/><\/svg><\/div><\/span><\/div>\n\n\n\n<div class=\"wp-block-stackable-heading stk-block-heading stk-block-heading--v2 stk-block stk-e9dc054\" id=\"t\u1ea7ng-4-s\u1ed1-17-ngo-167-tay-s\u01a1n-quang-trung-d\u1ed1ng-da-ha-n\u1ed9i\" data-block-id=\"e9dc054\"><h4 class=\"stk-block-heading__text\">4th Floor, No. 17, Alley 167 Tay Son, Quang Trung, Dong Da, Hanoi<\/h4><\/div>\n<\/div><\/div>\n<\/div><\/div>\n\n\n\n<div class=\"wp-block-stackable-icon-box stk-block-icon-box stk-block stk-a4b4f4a\" data-v=\"2\" data-block-id=\"a4b4f4a\"><div class=\"stk-block-content stk-inner-blocks stk-block-icon-box__content stk-container stk-a4b4f4a-container stk--no-background stk--no-padding\">\n<div class=\"wp-block-stackable-icon-label stk-block-icon-label stk-block stk-1161628\" data-block-id=\"1161628\"><style>.stk-1161628 {margin-bottom:0px !important;}<\/style><div class=\"stk-row stk-inner-blocks stk-block-content\">\n<div class=\"wp-block-stackable-icon stk-block-icon has-text-align-left stk-block stk-010d0ad\" data-block-id=\"010d0ad\"><style>.stk-010d0ad .stk--svg-wrapper .stk--inner-svg svg:last-child, .stk-010d0ad .stk--svg-wrapper .stk--inner-svg svg:last-child :is(g, path, rect, polygon, ellipse){fill:#753999 !important;}<\/style><span class=\"stk--svg-wrapper\"><div class=\"stk--inner-svg\"><svg style=\"height:0;width:0\"><defs><lineargradient id=\"linear-gradient-010d0ad\" x1=\"0\" x2=\"100%\" y1=\"0\" y2=\"0\"><stop offset=\"0%\" style=\"stop-opacity:1;stop-color:var(--linear-gradient-010-d-0-ad-color-1)\"><\/stop><stop offset=\"100%\" style=\"stop-opacity:1;stop-color:var(--linear-gradient-010-d-0-ad-color-2)\"><\/stop><\/lineargradient><\/defs><\/svg><svg xmlns=\"http:\/\/www.w3.org\/2000\/svg\" viewbox=\"0 0 512 512\" aria-hidden=\"true\" width=\"32\" height=\"32\"><path d=\"M280 0C408.1 0 512 103.9 512 232c0 13.3-10.7 24-24 24s-24-10.7-24-24c0-101.6-82.4-184-184-184c-13.3 0-24-10.7-24-24s10.7-24 24-24zm8 192a32 32 0 1 1 0 64 32 32 0 1 1 0-64zm-32-72c0-13.3 10.7-24 24-24c75.1 0 136 60.9 136 136c0 13.3-10.7 24-24 24s-24-10.7-24-24c0-48.6-39.4-88-88-88c-13.3 0-24-10.7-24-24zM117.5 1.4c19.4-5.3 39.7 4.6 47.4 23.2l40 96c6.8 16.3 2.1 35.2-11.6 46.3L144 207.3c33.3 70.4 90.3 127.4 160.7 160.7L345 318.7c11.2-13.7 30-18.4 46.3-11.6l96 40c18.6 7.7 28.5 28 23.2 47.4l-24 88C481.8 499.9 466 512 448 512C200.6 512 0 311.4 0 64C0 46 12.1 30.2 29.5 25.4l88-24z\"\/><\/svg><\/div><\/span><\/div>\n\n\n\n<div class=\"wp-block-stackable-heading stk-block-heading stk-block-heading--v2 stk-block stk-aa84599\" id=\"84-39-913-1292\" data-block-id=\"aa84599\"><h4 class=\"stk-block-heading__text\">+84 39 913 1292<\/h4><\/div>\n<\/div><\/div>\n<\/div><\/div>\n\n\n\n<div class=\"wp-block-stackable-icon-box stk-block-icon-box stk-block stk-3342de0\" data-v=\"2\" data-block-id=\"3342de0\"><div class=\"stk-block-content stk-inner-blocks stk-block-icon-box__content stk-container stk-3342de0-container stk--no-background stk--no-padding\">\n<div class=\"wp-block-stackable-icon-label stk-block-icon-label stk-block stk-e9436d1\" data-block-id=\"e9436d1\"><style>.stk-e9436d1 {margin-bottom:0px !important;}<\/style><div class=\"stk-row stk-inner-blocks stk-block-content\">\n<div class=\"wp-block-stackable-icon stk-block-icon has-text-align-left stk-block stk-89a0d0b\" data-block-id=\"89a0d0b\"><style>.stk-89a0d0b .stk--svg-wrapper .stk--inner-svg svg:last-child, .stk-89a0d0b .stk--svg-wrapper .stk--inner-svg svg:last-child :is(g, path, rect, polygon, ellipse){fill:#0099cc !important;}<\/style><span class=\"stk--svg-wrapper\"><div class=\"stk--inner-svg\"><svg style=\"height:0;width:0\"><defs><lineargradient id=\"linear-gradient-89a0d0b\" x1=\"0\" x2=\"100%\" y1=\"0\" y2=\"0\"><stop offset=\"0%\" style=\"stop-opacity:1;stop-color:var(--linear-gradient-89-a-0-d-0-b-color-1)\"><\/stop><stop offset=\"100%\" style=\"stop-opacity:1;stop-color:var(--linear-gradient-89-a-0-d-0-b-color-2)\"><\/stop><\/lineargradient><\/defs><\/svg><svg xmlns=\"http:\/\/www.w3.org\/2000\/svg\" viewbox=\"0 0 512 512\" aria-hidden=\"true\" width=\"32\" height=\"32\"><path d=\"M48 64C21.5 64 0 85.5 0 112c0 15.1 7.1 29.3 19.2 38.4L236.8 313.6c11.4 8.5 27 8.5 38.4 0L492.8 150.4c12.1-9.1 19.2-23.3 19.2-38.4c0-26.5-21.5-48-48-48H48zM0 176V384c0 35.3 28.7 64 64 64H448c35.3 0 64-28.7 64-64V176L294.4 339.2c-22.8 17.1-54 17.1-76.8 0L0 176z\"\/><\/svg><\/div><\/span><\/div>\n\n\n\n<div class=\"wp-block-stackable-heading stk-block-heading stk-block-heading--v2 stk-block stk-6535384\" id=\"contact-vioba-org\" data-block-id=\"6535384\"><h4 class=\"stk-block-heading__text\">contact@vioba.org<\/h4><\/div>\n<\/div><\/div>\n<\/div><\/div>\n<\/div><\/div><\/div>\n\n\n\n<div class=\"wp-block-stackable-column stk-block-column stk-column stk-block stk-c36c992\" data-v=\"4\" data-block-id=\"c36c992\"><style>.stk-c36c992 {align-self:stretch !important;align-items:center !important;display:flex !important;}@media screen and (min-width: 768px){.stk-c36c992 {flex:var(--stk-flex-grow, 1) 1 calc(66.667% - var(--stk-column-gap, 0px) * 1 \/ 2 ) !important;}}<\/style><div class=\"stk-column-wrapper stk-block-column__content stk-container stk-c36c992-container stk--no-background stk--no-padding\"><div class=\"stk-block-content stk-inner-blocks stk-c36c992-inner-blocks\">\n<div class=\"wp-block-stackable-map stk-block-map stk-block stk-c5a2c10\" data-block-id=\"c5a2c10\"><iframe\n\t\t\t\t\t\ttitle=\"Embedded content from Google Maps Platform.\"\n\t\t\t\t\t\tsrc=\"https:\/\/maps.google.com\/maps?q=17, ng\u00f5 167 t\u00e2y s\u01a1n&#038;t=&#038;z=17&#038;ie=UTF8&#038;output=embed\"\n\t\t\t\t\t\tstyle=\"border:0;width:100%;max-width:none;max-height:none;height:100%;\"\n\t\t\t\t\t\taria-hidden=\"false\"\n\t\t\t\t\t\ttabindex=\"0\"\n\t\t\t\t\t\tallowfullscreen\n\t\t\t\t\t\tloading=\"lazy\"\n\t\t\t\t\t\tframeborder=\"0\"\n\t\t\t\t\t><\/iframe><\/div>\n<\/div><\/div><\/div>\n<\/div><\/div>","protected":false},"excerpt":{"rendered":"<p>Li\u00ean h\u1ec7 K\u1ebft n\u1ed1i v\u1edbi Vioba Li\u00ean h\u1ec7 v\u1edbi ch\u00fang t\u00f4i Ch\u00fang t\u00f4i lu\u00f4n s\u1eb5n s\u00e0ng \u0111\u1ed3ng h\u00e0nh c\u00f9ng b\u1ea1n trong m\u1ecdi s\u00e1ng ki\u1ebfn \u0111\u1ec3 x\u00e2y d\u1ef1ng m\u1ed9t x\u00e3 h\u1ed9i cho m\u1ecdi l\u1ee9a tu\u1ed5i T\u1ea7ng 4, s\u1ed1 17, ng\u00f5 167 T\u00e2y S\u01a1n, Quang Trung, \u0110\u1ed1ng \u0110a, H\u00e0 N\u1ed9i +84 39 913 1292 contact@vioba.org<\/p>","protected":false},"author":1,"featured_media":0,"parent":0,"menu_order":0,"comment_status":"closed","ping_status":"closed","template":"page-no-title","meta":{"_acf_changed":false,"footnotes":""},"class_list":["post-2","page","type-page","status-publish","hentry"],"acf":[],"mb":[],"yoast_head":"<!-- This site is optimized with the Yoast SEO plugin v27.4 - https:\/\/yoast.com\/product\/yoast-seo-wordpress\/ -->\n<title>Li\u00ean h\u1ec7 - VIOBA Social Enterprise<\/title>\n<meta name=\"robots\" content=\"index, follow, max-snippet:-1, max-image-preview:large, max-video-preview:-1\" \/>\n<link rel=\"canonical\" href=\"https:\/\/vioba.org\/en\/lien-he\/\" \/>\n<meta property=\"og:locale\" content=\"en_GB\" \/>\n<meta property=\"og:type\" content=\"article\" \/>\n<meta property=\"og:title\" content=\"Li\u00ean h\u1ec7 - VIOBA Social Enterprise\" \/>\n<meta property=\"og:description\" content=\"Li\u00ean h\u1ec7 K\u1ebft n\u1ed1i v\u1edbi Vioba Li\u00ean h\u1ec7 v\u1edbi ch\u00fang t\u00f4i Ch\u00fang t\u00f4i lu\u00f4n s\u1eb5n s\u00e0ng \u0111\u1ed3ng h\u00e0nh c\u00f9ng b\u1ea1n trong m\u1ecdi s\u00e1ng ki\u1ebfn \u0111\u1ec3 x\u00e2y d\u1ef1ng m\u1ed9t x\u00e3 h\u1ed9i cho m\u1ecdi l\u1ee9a tu\u1ed5i T\u1ea7ng 4, s\u1ed1 17, ng\u00f5 167 T\u00e2y S\u01a1n, Quang Trung, \u0110\u1ed1ng \u0110a, H\u00e0 N\u1ed9i +84 39 913 1292 contact@vioba.org\" \/>\n<meta property=\"og:url\" content=\"https:\/\/vioba.org\/en\/lien-he\/\" \/>\n<meta property=\"og:site_name\" content=\"VIOBA Social Enterprise\" \/>\n<meta property=\"article:publisher\" content=\"https:\/\/www.facebook.com\/ViobaSocialEnterprise\" \/>\n<meta property=\"article:modified_time\" content=\"2026-03-31T10:07:52+00:00\" \/>\n<meta name=\"twitter:card\" content=\"summary_large_image\" \/>\n<meta name=\"twitter:label1\" content=\"Estimated reading time\" \/>\n\t<meta name=\"twitter:data1\" content=\"1 minute\" \/>\n<script type=\"application\/ld+json\" class=\"yoast-schema-graph\">{\"@context\":\"https:\\\/\\\/schema.org\",\"@graph\":[{\"@type\":\"WebPage\",\"@id\":\"https:\\\/\\\/vioba.org\\\/lien-he\\\/\",\"url\":\"https:\\\/\\\/vioba.org\\\/lien-he\\\/\",\"name\":\"Li\u00ean h\u1ec7 - VIOBA Social Enterprise\",\"isPartOf\":{\"@id\":\"https:\\\/\\\/vioba.org\\\/#website\"},\"datePublished\":\"2025-05-15T08:42:32+00:00\",\"dateModified\":\"2026-03-31T10:07:52+00:00\",\"breadcrumb\":{\"@id\":\"https:\\\/\\\/vioba.org\\\/lien-he\\\/#breadcrumb\"},\"inLanguage\":\"en-GB\",\"potentialAction\":[{\"@type\":\"ReadAction\",\"target\":[\"https:\\\/\\\/vioba.org\\\/lien-he\\\/\"]}]},{\"@type\":\"BreadcrumbList\",\"@id\":\"https:\\\/\\\/vioba.org\\\/lien-he\\\/#breadcrumb\",\"itemListElement\":[{\"@type\":\"ListItem\",\"position\":1,\"name\":\"Home\",\"item\":\"https:\\\/\\\/vioba.org\\\/\"},{\"@type\":\"ListItem\",\"position\":2,\"name\":\"Li\u00ean h\u1ec7\"}]},{\"@type\":\"WebSite\",\"@id\":\"https:\\\/\\\/vioba.org\\\/#website\",\"url\":\"https:\\\/\\\/vioba.org\\\/\",\"name\":\"VIOBA Social Enterprise\",\"description\":\"V\u00ec m\u1ed9t Vi\u1ec7t Nam gi\u00e0 h\u00f3a ch\u1ee7 \u0111\u1ed9ng\",\"publisher\":{\"@id\":\"https:\\\/\\\/vioba.org\\\/#organization\"},\"potentialAction\":[{\"@type\":\"SearchAction\",\"target\":{\"@type\":\"EntryPoint\",\"urlTemplate\":\"https:\\\/\\\/vioba.org\\\/?s={search_term_string}\"},\"query-input\":{\"@type\":\"PropertyValueSpecification\",\"valueRequired\":true,\"valueName\":\"search_term_string\"}}],\"inLanguage\":\"en-GB\"},{\"@type\":\"Organization\",\"@id\":\"https:\\\/\\\/vioba.org\\\/#organization\",\"name\":\"VIOBA Social Enterprise\",\"url\":\"https:\\\/\\\/vioba.org\\\/\",\"logo\":{\"@type\":\"ImageObject\",\"inLanguage\":\"en-GB\",\"@id\":\"https:\\\/\\\/vioba.org\\\/#\\\/schema\\\/logo\\\/image\\\/\",\"url\":\"https:\\\/\\\/vioba.org\\\/wp-content\\\/uploads\\\/2025\\\/05\\\/Full-colour-RGB.png\",\"contentUrl\":\"https:\\\/\\\/vioba.org\\\/wp-content\\\/uploads\\\/2025\\\/05\\\/Full-colour-RGB.png\",\"width\":500,\"height\":220,\"caption\":\"VIOBA Social Enterprise\"},\"image\":{\"@id\":\"https:\\\/\\\/vioba.org\\\/#\\\/schema\\\/logo\\\/image\\\/\"},\"sameAs\":[\"https:\\\/\\\/www.facebook.com\\\/ViobaSocialEnterprise\"]}]}<\/script>\n<!-- \/ Yoast SEO plugin. -->","yoast_head_json":{"title":"Li\u00ean h\u1ec7 - VIOBA Social Enterprise","robots":{"index":"index","follow":"follow","max-snippet":"max-snippet:-1","max-image-preview":"max-image-preview:large","max-video-preview":"max-video-preview:-1"},"canonical":"https:\/\/vioba.org\/en\/lien-he\/","og_locale":"en_GB","og_type":"article","og_title":"Li\u00ean h\u1ec7 - VIOBA Social Enterprise","og_description":"Li\u00ean h\u1ec7 K\u1ebft n\u1ed1i v\u1edbi Vioba Li\u00ean h\u1ec7 v\u1edbi ch\u00fang t\u00f4i Ch\u00fang t\u00f4i lu\u00f4n s\u1eb5n s\u00e0ng \u0111\u1ed3ng h\u00e0nh c\u00f9ng b\u1ea1n trong m\u1ecdi s\u00e1ng ki\u1ebfn \u0111\u1ec3 x\u00e2y d\u1ef1ng m\u1ed9t x\u00e3 h\u1ed9i cho m\u1ecdi l\u1ee9a tu\u1ed5i T\u1ea7ng 4, s\u1ed1 17, ng\u00f5 167 T\u00e2y S\u01a1n, Quang Trung, \u0110\u1ed1ng \u0110a, H\u00e0 N\u1ed9i +84 39 913 1292 contact@vioba.org","og_url":"https:\/\/vioba.org\/en\/lien-he\/","og_site_name":"VIOBA Social Enterprise","article_publisher":"https:\/\/www.facebook.com\/ViobaSocialEnterprise","article_modified_time":"2026-03-31T10:07:52+00:00","twitter_card":"summary_large_image","twitter_misc":{"Estimated reading time":"1 minute"},"schema":{"@context":"https:\/\/schema.org","@graph":[{"@type":"WebPage","@id":"https:\/\/vioba.org\/lien-he\/","url":"https:\/\/vioba.org\/lien-he\/","name":"Li\u00ean h\u1ec7 - VIOBA Social Enterprise","isPartOf":{"@id":"https:\/\/vioba.org\/#website"},"datePublished":"2025-05-15T08:42:32+00:00","dateModified":"2026-03-31T10:07:52+00:00","breadcrumb":{"@id":"https:\/\/vioba.org\/lien-he\/#breadcrumb"},"inLanguage":"en-GB","potentialAction":[{"@type":"ReadAction","target":["https:\/\/vioba.org\/lien-he\/"]}]},{"@type":"BreadcrumbList","@id":"https:\/\/vioba.org\/lien-he\/#breadcrumb","itemListElement":[{"@type":"ListItem","position":1,"name":"Home","item":"https:\/\/vioba.org\/"},{"@type":"ListItem","position":2,"name":"Li\u00ean h\u1ec7"}]},{"@type":"WebSite","@id":"https:\/\/vioba.org\/#website","url":"https:\/\/vioba.org\/","name":"VIOBA Social Enterprise","description":"For a proactive ageing Vietnam","publisher":{"@id":"https:\/\/vioba.org\/#organization"},"potentialAction":[{"@type":"SearchAction","target":{"@type":"EntryPoint","urlTemplate":"https:\/\/vioba.org\/?s={search_term_string}"},"query-input":{"@type":"PropertyValueSpecification","valueRequired":true,"valueName":"search_term_string"}}],"inLanguage":"en-GB"},{"@type":"Organization","@id":"https:\/\/vioba.org\/#organization","name":"VIOBA Social Enterprise","url":"https:\/\/vioba.org\/","logo":{"@type":"ImageObject","inLanguage":"en-GB","@id":"https:\/\/vioba.org\/#\/schema\/logo\/image\/","url":"https:\/\/vioba.org\/wp-content\/uploads\/2025\/05\/Full-colour-RGB.png","contentUrl":"https:\/\/vioba.org\/wp-content\/uploads\/2025\/05\/Full-colour-RGB.png","width":500,"height":220,"caption":"VIOBA Social Enterprise"},"image":{"@id":"https:\/\/vioba.org\/#\/schema\/logo\/image\/"},"sameAs":["https:\/\/www.facebook.com\/ViobaSocialEnterprise"]}]}},"mfb_rest_fields":["title","yoast_head","yoast_head_json"],"_links":{"self":[{"href":"https:\/\/vioba.org\/en\/wp-json\/wp\/v2\/pages\/2","targetHints":{"allow":["GET"]}}],"collection":[{"href":"https:\/\/vioba.org\/en\/wp-json\/wp\/v2\/pages"}],"about":[{"href":"https:\/\/vioba.org\/en\/wp-json\/wp\/v2\/types\/page"}],"author":[{"embeddable":true,"href":"https:\/\/vioba.org\/en\/wp-json\/wp\/v2\/users\/1"}],"replies":[{"embeddable":true,"href":"https:\/\/vioba.org\/en\/wp-json\/wp\/v2\/comments?post=2"}],"version-history":[{"count":1,"href":"https:\/\/vioba.org\/en\/wp-json\/wp\/v2\/pages\/2\/revisions"}],"predecessor-version":[{"id":917,"href":"https:\/\/vioba.org\/en\/wp-json\/wp\/v2\/pages\/2\/revisions\/917"}],"wp:attachment":[{"href":"https:\/\/vioba.org\/en\/wp-json\/wp\/v2\/media?parent=2"}],"curies":[{"name":"wp","href":"https:\/\/api.w.org\/{rel}","templated":true}]}}